{"id":104,"date":"2023-12-22T11:00:41","date_gmt":"2023-12-22T11:00:41","guid":{"rendered":"https:\/\/danielsartini.com\/?page_id=104"},"modified":"2025-11-16T21:12:45","modified_gmt":"2025-11-16T20:12:45","slug":"im-daniel","status":"publish","type":"page","link":"https:\/\/danielsartini.com\/","title":{"rendered":"\ud835\udc3c&#8217;\ud835\udcc2 \ud835\udc9f\ud835\udcb6\ud835\udcc3\ud835\udcbe\ud835\udc52\ud835\udcc1 \ud835\udcae\ud835\udcb6\ud835\udcc7\ud835\udcc9\ud835\udcbe\ud835\udcc3\ud835\udcbe"},"content":{"rendered":"\t\t<div data-elementor-type=\"wp-page\" data-elementor-id=\"104\" class=\"elementor elementor-104\">\n\t\t\t\t<div class=\"elementor-element elementor-element-581e8150 e-con-full e-flex e-con e-parent\" data-id=\"581e8150\" data-element_type=\"container\">\n\t\t\t\t<div class=\"elementor-element elementor-element-5a105bec animated-slow elementor-invisible elementor-widget elementor-widget-text-editor\" data-id=\"5a105bec\" data-element_type=\"widget\" data-settings=\"{&quot;_animation&quot;:&quot;fadeInDown&quot;}\" data-widget_type=\"text-editor.default\">\n\t\t\t\t<div class=\"elementor-widget-container\">\n\t\t\t\t\t\t\t<h2 style=\"text-align: center;\"><strong><em>&#8220;Lasciate ogni pregiudizio o voi che entrate&#8221;<\/em><\/strong><\/h2><p style=\"text-align: center;\"><strong><img decoding=\"async\" class=\"\" src=\"https:\/\/upload.wikimedia.org\/wikipedia\/commons\/thumb\/0\/03\/Flag_of_Italy.svg\/330px-Flag_of_Italy.svg.png\" alt=\"Bandiera d'Italia\" width=\"44\" height=\"29\" \/>\u00a0<\/strong><\/p><p style=\"text-align: center;\">Mi chiamo Barariu Daniel Marian Sartini e sono nato il 22 luglio 1999 ad Ad\u00e2ncata, un piccolo paesino<br \/>di campagna in Romania. Nel 2003, all\u2019et\u00e0 di quattro anni, sono stato adottato da una coppia italiana<br \/>e mi sono trasferito a Fano, nelle Marche, dove risiedo tuttora.<\/p><p style=\"text-align: center;\">Da piccolo, ho scoperto di possedere un talento e una grande passione per l\u2019arte, ci\u00f2 mi ha portato a<br \/>seguire un percorso di studi artistici: dapprima il liceo artistico \u201cA. Apolloni\u201d nella citt\u00e0 di Fano e poi<br \/>l\u2019Accademia di Belle Arti di Urbino.<br \/>Traggo ispirazione da diverse correnti artistiche, in particolare l\u2019Iperrealismo, il Surrealismo e la Pop<br \/>Art. Creando opere affronto temi molteplici, come la mia infanzia e la nostalgia per un mondo rurale<br \/>semplice, da cui la mia adozione mi ha allontanato, causando una frattura esistenziale che si riflette<br \/>nelle mie creazioni.<br \/>Un altro tema che mi interessa affrontare \u00e8 la fragilit\u00e0 della condizione umana, che spesso racconto in<br \/>un tono sarcastico e dissacrante, piena di simbolismo e interpretazioni personali. Mi diverto inoltre ad<br \/>includere importanti momenti storici nelle mie tele, reinterpretando attraverso simboli e allegorie che<br \/>mettono in discussione il presente.<br \/>Nella mia produzione, ho dedicato molto tempo alla ritrattistica, un genere che rivisito in modo<br \/>originale, passando dall\u2019uso del carboncino a quello dei colori a olio. Nei miei ritratti di grande<br \/>formato, la figura umana non \u00e8 solo una replica, ma un\u2019interpretazione che a volte diventa<br \/>caricaturale, mettendo in evidenza aspetti unici delle personalit\u00e0 dei soggetti. Nei miei autoritratti,<br \/>cerco di catturare la mia essenza in relazione alle problematiche e dissonanze che percepisco nel<br \/>mondo esterno.<br \/>Per me, l\u2019arte non \u00e8 solo estetica, ma uno strumento pratico e incisivo per affrontare le sfide della<br \/>societ\u00e0 contemporanea.<\/p><p>\u00a0 \u00a0 \u00a0 \u00a0 \u00a0 \u00a0 \u00a0 \u00a0 \u00a0 \u00a0 \u00a0 \u00a0 \u00a0 \u00a0 \u00a0 \u00a0 \u00a0 \u00a0 \u00a0 \u00a0 \u00a0 \u00a0 \u00a0 \u00a0 \u00a0 \u00a0 \u00a0 \u00a0 \u00a0 \u00a0 \u00a0 \u00a0 \u00a0 \u00a0 \u00a0 \u00a0 \u00a0 \u00a0 \u00a0 \u00a0 \u00a0 \u00a0 \u00a0 \u00a0 \u00a0 \u00a0 \u00a0 \u00a0 \u00a0 \u00a0 \u00a0 \u00a0 \u00a0 \u00a0 \u00a0 \u00a0 \u00a0 \u00a0 \u00a0 \u00a0 <img decoding=\"async\" class=\"alignnone\" src=\"https:\/\/upload.wikimedia.org\/wikipedia\/commons\/thumb\/8\/83\/Flag_of_the_United_Kingdom_%283-5%29.svg\/330px-Flag_of_the_United_Kingdom_%283-5%29.svg.png\" alt=\"Flag of the United Kingdom\" width=\"49\" height=\"29\" \/>\u00a0 \u00a0\u00a0\u00a0 \u00a0 \u00a0 \u00a0 \u00a0 \u00a0 \u00a0 \u00a0 \u00a0 \u00a0 \u00a0 \u00a0 \u00a0 \u00a0 \u00a0 \u00a0 \u00a0 \u00a0 \u00a0 \u00a0 \u00a0 \u00a0 \u00a0 \u00a0 \u00a0 \u00a0 \u00a0 \u00a0 \u00a0 \u00a0 \u00a0 \u00a0 \u00a0 \u00a0 \u00a0 \u00a0 \u00a0 \u00a0 \u00a0 \u00a0 \u00a0 \u00a0 \u00a0 \u00a0 \u00a0 \u00a0 \u00a0 \u00a0 \u00a0 \u00a0 \u00a0 \u00a0 \u00a0 \u00a0 \u00a0 \u00a0 \u00a0 \u00a0 \u00a0 \u00a0 \u00a0 \u00a0 \u00a0 \u00a0 \u00a0 \u00a0 \u00a0 \u00a0\u00a0<\/p><p style=\"text-align: center;\">My name is Barariu Daniel Marian Sartini, and I was born on July 22, 1999, in Ad\u00e2ncata, a small<br \/>village in rural Romania. In 2003, when I was just four years old, I was adopted by an Italian couple<br \/>and moved to Fano, in the Marche region, where I still live today.<br \/>From an early age, I realized that I had a talent and a deep passion for art, which guided me toward<br \/>artistic studies. I first attended the \u201cA. Apolloni\u201d art high school in Fano, followed by the Academy of<br \/>Fine Arts in Urbino.<br \/>I find inspiration in various artistic movements, particularly Hyperrealism, Surrealism, and Pop Art. My<br \/>works explore a range of themes, including my childhood and a longing for the simple rural world from<br \/>which my adoption distanced me, creating an existential fracture that resonates in my art.<br \/>I am also drawn to the fragility of the human condition, which I often depict in a sarcastic and<br \/>irreverent manner, infused with symbolism and personal interpretations. I enjoy incorporating<br \/>significant historical moments into my paintings, reinterpreting them through symbols and allegories<br \/>that challenge contemporary issues.<br \/>Throughout my artistic journey, I have devoted considerable time to portraiture\u2014a genre I approach<br \/>with originality, transitioning from charcoal to oil paints. In my large-scale portraits, the human figure<br \/>transcends mere replication; it becomes an interpretation that sometimes takes on a caricatured<br \/>quality, highlighting unique aspects of the subjects\u2019 personalities. In my self-portraits, I strive to<br \/>capture my essence while reflecting on the problems and dissonances I perceive in the world around<br \/>me. For me, art is not solely about aesthetics; it serves as a practical and incisive tool to confront the<br \/>challenges of modern society.<\/p><p>\u00a0 \u00a0 \u00a0 \u00a0 \u00a0 \u00a0 \u00a0 \u00a0 \u00a0 \u00a0 \u00a0 \u00a0 \u00a0 \u00a0 \u00a0 \u00a0 \u00a0 \u00a0 \u00a0 \u00a0 \u00a0 \u00a0 \u00a0 \u00a0 \u00a0 \u00a0 \u00a0 \u00a0 \u00a0 \u00a0 \u00a0 \u00a0 \u00a0 \u00a0 \u00a0 \u00a0 \u00a0 \u00a0 \u00a0 \u00a0 \u00a0 \u00a0 \u00a0 \u00a0 \u00a0 \u00a0 \u00a0 \u00a0 \u00a0 \u00a0 \u00a0 \u00a0 \u00a0 \u00a0 \u00a0 \u00a0 \u00a0 \u00a0 \u00a0 \u00a0<img decoding=\"async\" class=\"alignnone\" src=\"https:\/\/upload.wikimedia.org\/wikipedia\/commons\/thumb\/c\/c3\/Flag_of_France.svg\/330px-Flag_of_France.svg.png\" alt=\"Drapeau de la France\" width=\"45\" height=\"30\" \/><\/p><p style=\"text-align: center;\">Je m\u2019appelle Barariu Daniel Marian Sartini et je suis n\u00e9 le 22 juillet 1999 \u00e0 Ad\u00e2ncata, un petit village<br \/>rural en Roumanie. En 2003, \u00e0 l\u2019\u00e2ge de quatre ans, j\u2019ai \u00e9t\u00e9 adopt\u00e9 par un couple italien et j\u2019ai<br \/>d\u00e9m\u00e9nag\u00e9 \u00e0 Fano, dans la r\u00e9gion des Marches, o\u00f9 je vis toujours aujourd\u2019hui.<br \/>D\u00e8s mon jeune \u00e2ge, j\u2019ai compris que j\u2019avais un talent et une passion profonde pour l\u2019art, ce qui m\u2019a<br \/>orient\u00e9 vers des \u00e9tudes artistiques. J\u2019ai d\u2019abord fr\u00e9quent\u00e9 le lyc\u00e9e artistique \u00ab A. Apolloni \u00bb \u00e0 Fano,<br \/>puis l\u2019Acad\u00e9mie des Beaux-Arts d\u2019Urbino.<br \/>Je trouve mon inspiration dans divers courants artistiques, notamment l\u2019Hyperr\u00e9alisme, le<br \/>Surr\u00e9alisme et la Pop Art. Mes \u0153uvres explorent une multitude de th\u00e8mes, y compris mon enfance et<br \/>une nostalgie pour le monde rural simple dont mon adoption m\u2019a \u00e9loign\u00e9, cr\u00e9ant une fracture<br \/>existentielle qui se refl\u00e8te dans mon art.<br \/>Je suis \u00e9galement attir\u00e9 par la fragilit\u00e9 de la condition humaine, que je repr\u00e9sente souvent de mani\u00e8re<br \/>sarcastique et irr\u00e9v\u00e9rencieuse, riche en symbolisme et en interpr\u00e9tations personnelles. J\u2019aime<br \/>int\u00e9grer des moments historiques significatifs dans mes tableaux, les r\u00e9interpr\u00e9tant \u00e0 travers des<br \/>symboles et des all\u00e9gories qui interrogent les enjeux contemporains.<br \/>Tout au long de mon parcours artistique, j\u2019ai consacr\u00e9 beaucoup de temps \u00e0 la portraiture, un genre<br \/>que j\u2019aborde de mani\u00e8re originale, passant du fusain \u00e0 la peinture \u00e0 l\u2019huile. Dans mes portraits de<br \/>grand format, la figure humaine d\u00e9passe la simple r\u00e9plique; elle devient une interpr\u00e9tation qui, parfois,<br \/>prend une qualit\u00e9 caricaturale, mettant en avant des aspects uniques des personnalit\u00e9s des sujets.<br \/>Dans mes autoportraits, j\u2019essaie de capturer mon essence tout en r\u00e9fl\u00e9chissant aux probl\u00e8mes et aux<br \/>dissonances que je per\u00e7ois dans le monde qui m\u2019entoure. Pour moi, l\u2019art ne se limite pas \u00e0<br \/>l\u2019esth\u00e9tique; il sert d\u2019outil pratique et incisif pour faire face aux d\u00e9fis de la soci\u00e9t\u00e9 moderne.<\/p><p><!-- \/wp:cover --><!-- wp:spacer --><\/p><div class=\"wp-block-spacer\" style=\"height: 100px;\" aria-hidden=\"true\">\u00a0<\/div><p><!-- \/wp:spacer --><!-- wp:heading {\"fontSize\":\"medium\"} --><\/p><p><!-- \/wp:paragraph --><\/p>\t\t\t\t\t\t<\/div>\n\t\t\t\t<\/div>\n\t\t\t\t<div class=\"elementor-element elementor-element-1185bbb elementor-widget elementor-widget-image\" data-id=\"1185bbb\" data-element_type=\"widget\" data-widget_type=\"image.default\">\n\t\t\t\t<div class=\"elementor-widget-container\">\n\t\t\t\t\t\t\t\t\t\t<figure class=\"wp-caption\">\n\t\t\t\t\t\t\t\t\t\t<img loading=\"lazy\" decoding=\"async\" width=\"720\" height=\"1034\" src=\"https:\/\/danielsartini.com\/wp-content\/uploads\/2025\/11\/1000092775.jpg\" class=\"attachment-medium_large size-medium_large wp-image-399\" alt=\"\" srcset=\"https:\/\/danielsartini.com\/wp-content\/uploads\/2025\/11\/1000092775.jpg 720w, https:\/\/danielsartini.com\/wp-content\/uploads\/2025\/11\/1000092775-209x300.jpg 209w, https:\/\/danielsartini.com\/wp-content\/uploads\/2025\/11\/1000092775-713x1024.jpg 713w\" sizes=\"(max-width: 720px) 100vw, 720px\" \/>\t\t\t\t\t\t\t\t\t\t\t<figcaption class=\"widget-image-caption wp-caption-text\">Daniel Sartini con la compagna Mihaela Fattori<\/figcaption>\n\t\t\t\t\t\t\t\t\t\t<\/figure>\n\t\t\t\t\t\t\t<\/div>\n\t\t\t\t<\/div>\n\t\t\t\t<\/div>\n\t\t\t\t<\/div>\n\t\t","protected":false},"excerpt":{"rendered":"<p>&#8220;Lasciate ogni pregiudizio o voi che entrate&#8221; \u00a0 Mi chiamo Barariu Daniel Marian Sartini e sono nato il 22 luglio 1999 ad Ad\u00e2ncata, un piccolo paesinodi campagna in Romania. Nel 2003, all\u2019et\u00e0 di quattro anni, sono stato adottato da una coppia italianae mi sono trasferito a Fano, nelle Marche, dove risiedo tuttora. Da piccolo, ho [&hellip;]<\/p>\n","protected":false},"author":1,"featured_media":242,"parent":0,"menu_order":0,"comment_status":"closed","ping_status":"closed","template":"","meta":{"footnotes":""},"class_list":["post-104","page","type-page","status-publish","has-post-thumbnail","hentry"],"_links":{"self":[{"href":"https:\/\/danielsartini.com\/index.php\/wp-json\/wp\/v2\/pages\/104","targetHints":{"allow":["GET"]}}],"collection":[{"href":"https:\/\/danielsartini.com\/index.php\/wp-json\/wp\/v2\/pages"}],"about":[{"href":"https:\/\/danielsartini.com\/index.php\/wp-json\/wp\/v2\/types\/page"}],"author":[{"embeddable":true,"href":"https:\/\/danielsartini.com\/index.php\/wp-json\/wp\/v2\/users\/1"}],"replies":[{"embeddable":true,"href":"https:\/\/danielsartini.com\/index.php\/wp-json\/wp\/v2\/comments?post=104"}],"version-history":[{"count":51,"href":"https:\/\/danielsartini.com\/index.php\/wp-json\/wp\/v2\/pages\/104\/revisions"}],"predecessor-version":[{"id":403,"href":"https:\/\/danielsartini.com\/index.php\/wp-json\/wp\/v2\/pages\/104\/revisions\/403"}],"wp:featuredmedia":[{"embeddable":true,"href":"https:\/\/danielsartini.com\/index.php\/wp-json\/wp\/v2\/media\/242"}],"wp:attachment":[{"href":"https:\/\/danielsartini.com\/index.php\/wp-json\/wp\/v2\/media?parent=104"}],"curies":[{"name":"wp","href":"https:\/\/api.w.org\/{rel}","templated":true}]}}